{"id":627,"date":"2026-02-20T16:25:53","date_gmt":"2026-02-20T16:25:53","guid":{"rendered":"https:\/\/samitaal.nl\/?page_id=627"},"modified":"2026-04-07T16:31:26","modified_gmt":"2026-04-07T16:31:26","slug":"over-ons","status":"publish","type":"page","link":"https:\/\/samitaal.nl\/en\/over-ons\/","title":{"rendered":"Over Ons"},"content":{"rendered":"<div data-spectra-id=\"spectra-mn67aftl-c6ldt1\"\tstyle=\"overflow: visible;\" class=\"spectra-is-root-container alignfull spectra-overlay-color spectra-overflow wp-block-spectra-container\" data-orientation=\"vertical\"\t>\n\t\n<header class=\"aligncenter wp-block-template-part\"><div data-spectra-id=\"spectra-mn63tg2a-nckksx\" style=\"overflow: visible\" class=\"spectra-overlay-color spectra-overflow wp-block-spectra-container\" data-orientation=\"horizontal\">\n\t\n<div class=\"is-default-size wp-block-site-logo\"><a href=\"https:\/\/samitaal.nl\/en\/\" class=\"custom-logo-link\" rel=\"home\"><img loading=\"lazy\" decoding=\"async\" width=\"1024\" height=\"1024\" src=\"https:\/\/samitaal.nl\/wp-content\/uploads\/2026\/03\/Logo-samitaal.png\" class=\"custom-logo\" alt=\"logo samitaal\" \/><\/a><\/div>\n\n<nav style=\"color: #003680\" class=\"has-text-color is-responsive items-justified-center wp-block-navigation is-horizontal is-content-justification-center is-layout-flex wp-container-core-navigation-is-layout-ecd33c62 wp-block-navigation-is-layout-flex\" aria-label=\"Navigatie\" data-wp-interactive=\"core\/navigation\" data-wp-context='{\"overlayOpenedBy\":{\"click\":false,\"hover\":false,\"focus\":false},\"type\":\"overlay\",\"roleAttribute\":\"\",\"ariaLabel\":\"Menu\"}'><button aria-haspopup=\"dialog\" aria-label=\"Open menu\" class=\"wp-block-navigation__responsive-container-open\" data-wp-on--click=\"actions.openMenuOnClick\" data-wp-on--keydown=\"actions.handleMenuKeydown\"><svg width=\"24\" height=\"24\" xmlns=\"http:\/\/www.w3.org\/2000\/svg\" viewbox=\"0 0 24 24\" aria-hidden=\"true\" focusable=\"false\"><path d=\"M4 7.5h16v1.5H4z\"><\/path><path d=\"M4 15h16v1.5H4z\"><\/path><\/svg><\/button>\n\t\t\t\t<div class=\"wp-block-navigation__responsive-container\" id=\"modal-1\" data-wp-class--has-modal-open=\"state.isMenuOpen\" data-wp-class--is-menu-open=\"state.isMenuOpen\" data-wp-watch=\"callbacks.initMenu\" data-wp-on--keydown=\"actions.handleMenuKeydown\" data-wp-on--focusout=\"actions.handleMenuFocusout\" tabindex=\"-1\">\n\t\t\t\t\t<div class=\"wp-block-navigation__responsive-close\" tabindex=\"-1\">\n\t\t\t\t\t\t<div class=\"wp-block-navigation__responsive-dialog\" data-wp-bind--aria-modal=\"state.ariaModal\" data-wp-bind--aria-label=\"state.ariaLabel\" data-wp-bind--role=\"state.roleAttribute\">\n\t\t\t\t\t\t\t<button aria-label=\"Close menu\" class=\"wp-block-navigation__responsive-container-close\" data-wp-on--click=\"actions.closeMenuOnClick\"><svg xmlns=\"http:\/\/www.w3.org\/2000\/svg\" viewbox=\"0 0 24 24\" width=\"24\" height=\"24\" aria-hidden=\"true\" focusable=\"false\"><path d=\"m13.06 12 6.47-6.47-1.06-1.06L12 10.94 5.53 4.47 4.47 5.53 10.94 12l-6.47 6.47 1.06 1.06L12 13.06l6.47 6.47 1.06-1.06L13.06 12Z\"><\/path><\/svg><\/button>\n\t\t\t\t\t\t\t<div class=\"wp-block-navigation__responsive-container-content\" data-wp-watch=\"callbacks.focusFirstElement\" id=\"modal-1-content\">\n\t\t\t\t\t\t\t\t<ul style=\"color: #003680\" class=\"wp-block-navigation__container has-text-color is-responsive items-justified-center wp-block-navigation\"><li style=\"font-style:normal;font-weight:700;line-height:1.2\" class=\"wp-block-navigation-item wp-block-navigation-link has-medium-font-size\"><a class=\"wp-block-navigation-item__content\" href=\"https:\/\/samitaal.nl\/en\/\"><span class=\"wp-block-navigation-item__label\">Home<\/span><\/a><\/li><li style=\"font-style:normal;font-weight:700;line-height:1.2\" class=\"wp-block-navigation-item wp-block-navigation-link has-medium-font-size has-dm-sans-font-family\"><a class=\"wp-block-navigation-item__content\" href=\"https:\/\/samitaal.nl\/en\/over-ons\/\"><span class=\"wp-block-navigation-item__label\">About us<\/span><\/a><\/li><li style=\"font-style:normal;font-weight:700;line-height:1.2\" class=\"wp-block-navigation-item is-style-default wp-block-navigation-link has-medium-font-size\"><a class=\"wp-block-navigation-item__content\" href=\"https:\/\/samitaal.nl\/en\/onze-cursussen\/\"><span class=\"wp-block-navigation-item__label\">Courses<\/span><\/a><\/li><li style=\"font-style:normal;font-weight:700;line-height:1.2\" class=\"wp-block-navigation-item wp-block-navigation-link has-medium-font-size has-dm-sans-font-family\"><a class=\"wp-block-navigation-item__content\" href=\"https:\/\/samitaal.nl\/en\/blik-op-werk\/\"><span class=\"wp-block-navigation-item__label\">Blik op werk<\/span><\/a><\/li><li style=\"line-height:1.2\" class=\"wp-block-navigation-item wp-block-navigation-link has-medium-font-size\"><a class=\"wp-block-navigation-item__content\" href=\"https:\/\/samitaal.nl\/en\/taal-test\/\"><span class=\"wp-block-navigation-item__label\"><strong>Language test<\/strong><\/span><\/a><\/li><li class=\"wp-block-navigation-item wp-block-navigation-link\"><a class=\"wp-block-navigation-item__content\" href=\"https:\/\/samitaal.nl\/en\/blog\/\"><span class=\"wp-block-navigation-item__label\"><strong>Blog<\/strong><\/span><\/a><\/li><li style=\"font-style:normal;font-weight:700;line-height:1.2\" class=\"wp-block-navigation-item wp-block-navigation-link has-medium-font-size\"><a class=\"wp-block-navigation-item__content\" href=\"https:\/\/samitaal.nl\/en\/inschrijven\/\"><span class=\"wp-block-navigation-item__label\">Enroll<\/span><\/a><\/li><li class=\"wp-block-navigation-item wp-block-navigation-link\"><a class=\"wp-block-navigation-item__content\" href=\"https:\/\/samitaal.nl\/en\/vacature\/\"><span class=\"wp-block-navigation-item__label\"><strong>Vacature<\/strong><\/span><\/a><\/li><\/ul>\n\t\t\t\t\t\t\t<\/div>\n\t\t\t\t\t\t<\/div>\n\t\t\t\t\t<\/div>\n\t\t\t\t<\/div><\/nav>\n\n\n<figure data-spectra-id=\"spectra-mn648gjl-tqq548\" class=\"wp-block-image size-large\"><a href=\"https:\/\/www.instagram.com\/samitaalamsterdam\" target=\"_blank\" rel=\"noopener\"><img loading=\"lazy\" decoding=\"async\" width=\"1024\" height=\"1024\" src=\"https:\/\/samitaal.nl\/wp-content\/uploads\/2026\/03\/instagram-icon-2-1024x1024.png\" alt=\"instagram icon\" class=\"wp-image-1039\" \/><\/a><\/figure>\n\n\n\n<figure data-spectra-id=\"spectra-mn647pfh-y01m40\" class=\"wp-block-image size-full\"><a href=\"https:\/\/www.linkedin.com\/company\/samitaal\/\" target=\"_blank\" rel=\"noopener\"><img loading=\"lazy\" decoding=\"async\" width=\"258\" height=\"256\" src=\"https:\/\/samitaal.nl\/wp-content\/uploads\/2026\/03\/linkedin-e1773087724228.png\" alt=\"linkedin\" class=\"wp-image-1040\" srcset=\"https:\/\/samitaal.nl\/wp-content\/uploads\/2026\/03\/linkedin-e1773087724228.png 258w, https:\/\/samitaal.nl\/wp-content\/uploads\/2026\/03\/linkedin-e1773087724228-150x150.png 150w\" sizes=\"auto, (max-width: 258px) 100vw, 258px\" \/><\/a><\/figure>\n\n\n\n<figure data-spectra-id=\"spectra-mn648nga-c1lbqm\" class=\"wp-block-image size-large\"><a href=\"https:\/\/www.facebook.com\/SamiTaal\/\" target=\"_blank\" rel=\"noopener\"><img loading=\"lazy\" decoding=\"async\" width=\"1024\" height=\"1024\" src=\"https:\/\/samitaal.nl\/wp-content\/uploads\/2026\/03\/facebook-icon-1-1024x1024.png\" alt=\"\" class=\"wp-image-1494\" srcset=\"https:\/\/samitaal.nl\/wp-content\/uploads\/2026\/03\/facebook-icon-1-1024x1024.png 1024w, https:\/\/samitaal.nl\/wp-content\/uploads\/2026\/03\/facebook-icon-1-300x300.png 300w, https:\/\/samitaal.nl\/wp-content\/uploads\/2026\/03\/facebook-icon-1-150x150.png 150w, https:\/\/samitaal.nl\/wp-content\/uploads\/2026\/03\/facebook-icon-1-768x768.png 768w, https:\/\/samitaal.nl\/wp-content\/uploads\/2026\/03\/facebook-icon-1-1536x1536.png 1536w, https:\/\/samitaal.nl\/wp-content\/uploads\/2026\/03\/facebook-icon-1-2048x2048.png 2048w\" sizes=\"auto, (max-width: 1024px) 100vw, 1024px\" \/><\/a><\/figure>\n\n<\/div>\n<\/header>\n<\/div>\n\n\n<div data-spectra-id=\"spectra-mmat95hy-ltw9g9\"\tstyle=\"overflow: visible; --spectra-background-color: #eceef4;\" class=\"spectra-is-root-container alignfull spectra-overlay-color spectra-overflow spectra-background-color wp-block-spectra-container\" data-orientation=\"vertical\"\t>\n\t\n<div data-spectra-id=\"spectra-mmwe3kzz-okjef3\" style=\"overflow: visible\" class=\"spectra-overlay-color spectra-overflow wp-block-spectra-container\" data-orientation=\"vertical\">\n\t\n\t<p data-spectra-id=\"spectra-mmwe4av0-yyz8ww\" style=\"color:#003680\" class=\"has-link-color wp-elements-5b47bc09c6b59b4bc0ba3d53ce161079 wp-block-spectra-content has-text-color\">\n\t\t<strong>Location<\/strong>\t<\/p>\n\n<\/div>\n\n\n<div data-spectra-id=\"spectra-mmwe4zdl-u858yl\" style=\"overflow: visible\" class=\"spectra-overlay-color spectra-overflow wp-block-spectra-container\" data-orientation=\"horizontal\">\n\t\n<div data-spectra-id=\"spectra-mmat96qo-9zmhb5\" style=\"overflow: visible\" class=\"spectra-overlay-color spectra-overflow wp-block-spectra-container\" data-orientation=\"vertical\">\n\t\n\n<figure data-spectra-id=\"spectra-mmatbyte-1dkuxh\" class=\"wp-block-image size-full has-custom-border\"><img loading=\"lazy\" decoding=\"async\" width=\"450\" height=\"375\" src=\"https:\/\/samitaal.nl\/wp-content\/uploads\/2026\/03\/boomsspijker-e1772570138735.jpg\" alt=\"boomsspijker\" class=\"wp-image-865\" \/><\/figure>\n\n<\/div>\n\n\n<div data-spectra-id=\"spectra-mmat96qr-979plw\" style=\"overflow: visible\" class=\"spectra-overlay-color spectra-overflow wp-block-spectra-container\" data-orientation=\"vertical\">\n\t\n\t<p data-spectra-id=\"spectra-mmatc4zh-gbtrxp\" style=\"color:#003680\" class=\"has-link-color wp-elements-3f044c803347c37859fd9117c58dce47 wp-block-spectra-content has-text-color\">\n\t\tOnze locatie aan de Nieuwmarkt biedt een inspirerende leeromgeving in een bruisend deel van Amsterdam. Hier leert u niet alleen de taal, maar bouwt u ook aan uw netwerk en uw toekomst.<br><br><strong>Adresgegevens:<\/strong><br><strong>Location<\/strong>:<strong> <\/strong>De Boomsspijker<br><strong>Adresse<\/strong>: Recht Boomssloot 52, 1011 BE, Amsterdam<br><strong>Phone<\/strong>: +31 (0)20 211 13 41<br><strong>Email<\/strong>: info@samitaal.nl\t<\/p>\n\n<\/div>\n\n<\/div>\n\n<\/div>\n\n\n<div data-spectra-id=\"spectra-mmatfnts-46m23e\"\tstyle=\"overflow: visible;\" class=\"spectra-is-root-container alignfull spectra-overlay-color spectra-overflow wp-block-spectra-container\" data-orientation=\"vertical\"\t>\n\t\n\t<h1 data-spectra-id=\"spectra-mmatg3la-lk2ck8\" style=\"color:#003680\" class=\"has-link-color wp-elements-8cd1e6245ddd16160e6fede963149cca wp-block-spectra-content has-text-color\">\n\t\t<strong>Wie zijn wij?<\/strong>\t<\/h1>\n\n<\/div>\n\n\n<div data-spectra-id=\"spectra-mmat8yvq-ew0am1\"\tstyle=\"overflow: visible;\" class=\"spectra-is-root-container alignfull spectra-overlay-color spectra-overflow wp-block-spectra-container\" data-orientation=\"horizontal\"\t>\n\t\n<div data-spectra-id=\"spectra-mmat918r-77vbj2\" style=\"overflow: visible\" class=\"spectra-overlay-color spectra-overflow wp-block-spectra-container\" data-orientation=\"vertical\">\n\t\n\n<figure data-spectra-id=\"spectra-mmatjvio-a3nxp7\" class=\"wp-block-image size-full has-custom-border\"><img loading=\"lazy\" decoding=\"async\" width=\"265\" height=\"315\" src=\"https:\/\/samitaal.nl\/wp-content\/uploads\/2026\/04\/Annet-SamiTaal-Amsterdam.jpeg\" alt=\"\" class=\"wp-image-1671\" srcset=\"https:\/\/samitaal.nl\/wp-content\/uploads\/2026\/04\/Annet-SamiTaal-Amsterdam.jpeg 265w, https:\/\/samitaal.nl\/wp-content\/uploads\/2026\/04\/Annet-SamiTaal-Amsterdam-252x300.jpeg 252w, https:\/\/samitaal.nl\/wp-content\/uploads\/2026\/04\/Annet-SamiTaal-Amsterdam-10x12.jpeg 10w\" sizes=\"auto, (max-width: 265px) 100vw, 265px\" \/><\/figure>\n\n<\/div>\n\n\n<div data-spectra-id=\"spectra-mmat918v-jwnr67\" style=\"overflow: visible\" class=\"spectra-overlay-color spectra-overflow wp-block-spectra-container\" data-orientation=\"horizontal\">\n\t\n\t<p data-spectra-id=\"spectra-mmatk4b0-ndspb6\" style=\"color:#003680\" class=\"has-link-color wp-elements-acf150768a7cc624f8545cd14f9e30af wp-block-spectra-content has-text-color\">\n\t\t<strong>Maak kennis met Annet<\/strong><br><br>Mijn naam is\u00a0Annet van der Hoek\u00a0en ik ben mede-eigenaar van SamiTaal. Na een lange loopbaan waarin ik\u00a0veel mensen begeleidde bij werk, sollicitaties en talentontwikkeling, ben ik gaan werken in het inburgeringsonderwijs. Daar zag ik elke dag hoe belangrijk taal is: het geeft\u00a0zelfvertrouwen\u00a0en helpt mensen\u00a0hun plek in de samenleving vinden.<br><br>Bij SamiTaal staat\u00a0persoonlijke begeleiding\u00a0centraal. Samen kijken we wat jij nodig hebt om vooruit te komen.\t<\/p>\n\n<\/div>\n\n<\/div>\n\n\n<div data-spectra-id=\"spectra-mmatkvho-biw58e\"\tstyle=\"overflow: visible;\" class=\"spectra-is-root-container alignfull spectra-overlay-color spectra-overflow wp-block-spectra-container\" data-orientation=\"vertical\"\t>\n\t\n<div data-spectra-id=\"spectra-mmatkwog-3al3sr\" style=\"overflow: visible\" class=\"spectra-overlay-color spectra-overflow wp-block-spectra-container\" data-orientation=\"vertical\">\n\t\n\n<figure data-spectra-id=\"spectra-mmatlekm-b7h5wu\" class=\"wp-block-image size-full has-custom-border\"><img loading=\"lazy\" decoding=\"async\" width=\"200\" height=\"200\" src=\"https:\/\/samitaal.nl\/wp-content\/uploads\/2026\/03\/arjen.jpg\" alt=\"arjen\" class=\"wp-image-885\" srcset=\"https:\/\/samitaal.nl\/wp-content\/uploads\/2026\/03\/arjen.jpg 200w, https:\/\/samitaal.nl\/wp-content\/uploads\/2026\/03\/arjen-150x150.jpg 150w\" sizes=\"auto, (max-width: 200px) 100vw, 200px\" \/><\/figure>\n\n<\/div>\n\n\n<div data-spectra-id=\"spectra-mmatkwo9-lo7mu2\" style=\"overflow: visible\" class=\"spectra-overlay-color spectra-overflow wp-block-spectra-container\" data-orientation=\"vertical\">\n\t\n\t<p data-spectra-id=\"spectra-mmatlkti-n6bgvt\" style=\"color:#003680\" class=\"has-link-color wp-elements-e4e17ea53f8533713f5cecac00e76553 wp-block-spectra-content has-text-color\">\n\t\t<strong>Maak kennis met Arjen<\/strong><br><br>Arjen is mede-eigenaar van SamiTaal en actief betrokken bij de organisatie en ontwikkeling van de school. Na diverse functies in de financi\u00eble dienstverlening zet hij zijn ervaring nu in om cursisten praktisch te ondersteunen. Hij helpt bij het begrijpen van brieven van instanties zoals de Belastingdienst, gemeente of DUO, met als doel dat mensen dit uiteindelijk zelfstandig kunnen. Samen zorgen we ervoor dat cursisten zich veilig en welkom voelen en het vertrouwen krijgen om hun Nederlands te gebruiken in het dagelijks leven. <br><br>Daarnaast is Arjen gecertificeerd energielabeladviseur en kan hij, waar nodig, ook ondersteunen bij vragen rondom energielabels en woningverduurzaming.\t<\/p>\n\n<\/div>\n\n<\/div>\n\n\n<div data-spectra-id=\"spectra-mm9n4m0f-2xd6o8\"\tstyle=\"overflow: visible; --spectra-background-color: #eceef4;\" class=\"spectra-is-root-container alignfull spectra-overlay-color spectra-overflow spectra-background-color wp-block-spectra-container\" data-orientation=\"vertical\"\t>\n\t\n\t<p data-spectra-id=\"spectra-mmatm0xm-txicyr\" style=\"color:#003680\" class=\"has-link-color wp-elements-28dccd5bc14b3c13c25b7e8edb08e68b wp-block-spectra-content has-text-color\">\n\t\t<strong>Waar wij voor staan<\/strong>\t<\/p>\n\n\n\n<p class=\"has-text-align-center has-text-color has-link-color wp-elements-492a0e107f3d608a4ca460a3e1320174\" style=\"color:#003680\">Maar SamiTaal is m\u00e9\u00e9r dan een taalschool. Wij bereiden u \u00e9cht voor op de Nederlandse maatschappij. Naast taallessen bieden wij ook lessen maatschappijleer aan, zodat u niet alleen de taal leert, maar ook inzicht krijgt in de Nederlandse normen, waarden en systemen. Daarnaast ondersteunen wij onze cursisten bij praktische zaken, zoals het doen van belastingaangifte en het begrijpen van offici\u00eble instanties en documenten. Zo staat u er nooit alleen voor.<\/p>\n\n\n\n<p class=\"has-text-align-center has-text-color has-link-color wp-elements-6b900078e58da85481355d182bd20776\" style=\"color:#003680\">Of u nu bezig bent met uw inburgering, net als expat in Nederland bent komen wonen, of uw taalvaardigheid naar een hoger niveau wilt tillen voor werk of studie \u2013 bij SamiTaal bent u aan het juiste adres. Wij bieden Nederlandse taallessen aan op verschillende niveaus, van beginners tot gevorderden. Onze ervaren docenten begeleiden u stap voor stap, met persoonlijke aandacht en praktijkgerichte lessen die direct aansluiten op het dagelijks leven.<\/p>\n\n\n\n<p class=\"has-text-align-center has-text-color has-link-color wp-elements-8df7f5399b47baf93d1f57407a2192c2\" style=\"color:#003680\">Bij SamiTaal draait het om groei, zelfvertrouwen en verbinding. Samen werken we aan uw taalvaardigheid \u00e9n uw plek in de Nederlandse samenleving.<\/p>\n\n<\/div>\n\n\n<div data-spectra-id=\"spectra-mm54lah2-7ydpov\"\tstyle=\"overflow: visible; --spectra-background-color: #003680;\" class=\"spectra-is-root-container alignfull spectra-overlay-color spectra-overflow spectra-background-color wp-block-spectra-container\" data-orientation=\"vertical\"\t>\n\t\n<div data-spectra-id=\"spectra-mm54lhaa-crog6p\" style=\"overflow: visible;--spectra-overlay-opacity: 0.65\" class=\"spectra-overlay-color spectra-overflow spectra-dim-ratio wp-block-spectra-container\" data-orientation=\"horizontal\">\n\t\n\t<p data-spectra-id=\"spectra-mm54qlbd-mntqnw\" style=\"--spectra-text-color: base-2\" class=\"has-text-color has-link-color spectra-text-color wp-elements-8fb173af49dda09f6baeaf09ffb89dbd wp-block-spectra-content has-text-color has-base-2-color\">\n\t\t<strong>Contact details<\/strong><br><strong>Location<\/strong>: De Boomsspijker<br><strong>Adresse<\/strong>: Recht Boomssloot 52, 1011 BE, Amsterdam <br><strong>Phone<\/strong>: +31 (0)20 211 13 41<br><strong>Email<\/strong>: info@samitaal.nl<br>\t<\/p>\n\n<\/div>\n\n\n<div data-spectra-id=\"spectra-mm54lhaf-w8k651\" style=\"overflow: visible\" class=\"spectra-overlay-color spectra-overflow wp-block-spectra-container\" data-orientation=\"horizontal\">\n\t\n\t<p data-spectra-id=\"spectra-mm554ynq-oofhdi\" style=\"--spectra-text-color: base-2\" class=\"has-text-color has-link-color spectra-text-color wp-elements-468d6ceb7a894b3fa68c55b11827341b wp-block-spectra-content has-text-color has-base-2-color\">\n\t\t<strong>Links<\/strong><br><a href=\"https:\/\/samitaal.nl\/en\/vacature\/\" data-type=\"page\" data-id=\"1760\">Vacature<\/a><br><a href=\"https:\/\/samitaal.nl\/wp-content\/uploads\/2026\/02\/Privacyreglement_TaalCollege-Amsterdam-30112025.pdf\" data-type=\"attachment\" data-id=\"788\">Privacy statement<br><\/a><a href=\"https:\/\/samitaal.nl\/wp-content\/uploads\/2026\/02\/Klachtenreglement_TaalCollege-Amsterdam30112025.pdf\" data-type=\"attachment\" data-id=\"787\">Klachtenprocedure<\/a>\t<\/p>\n\n<\/div>\n\n\n<div data-spectra-id=\"spectra-mmat03r3-i4we08\" style=\"overflow: visible\" class=\"spectra-overlay-color spectra-overflow wp-block-spectra-container\" data-orientation=\"horizontal\">\n\t\n\n<figure data-spectra-id=\"spectra-mmgdsrts-jc09n7\" class=\"wp-block-image size-full\"><img loading=\"lazy\" decoding=\"async\" width=\"200\" height=\"200\" src=\"https:\/\/samitaal.nl\/wp-content\/uploads\/2026\/03\/blikopwerk_logo.jpg\" alt=\"\" class=\"wp-image-1420\" srcset=\"https:\/\/samitaal.nl\/wp-content\/uploads\/2026\/03\/blikopwerk_logo.jpg 200w, https:\/\/samitaal.nl\/wp-content\/uploads\/2026\/03\/blikopwerk_logo-150x150.jpg 150w\" sizes=\"auto, (max-width: 200px) 100vw, 200px\" \/><\/figure>\n\n<\/div>\n\n\n<div data-spectra-id=\"spectra-mmkuzhud-u90yaj\" style=\"overflow: visible\" class=\"spectra-overlay-color spectra-overflow wp-block-spectra-container\" data-orientation=\"vertical\">\n\t\n\n<figure data-spectra-id=\"spectra-mmjlcrij-0c1f3r\" class=\"wp-block-image size-full\"><img loading=\"lazy\" decoding=\"async\" width=\"970\" height=\"338\" src=\"https:\/\/samitaal.nl\/wp-content\/uploads\/2026\/03\/Gemeente-Amsterdam-logo.jpg\" alt=\"gemeente amsterdam logo\" class=\"wp-image-1022\" srcset=\"https:\/\/samitaal.nl\/wp-content\/uploads\/2026\/03\/Gemeente-Amsterdam-logo.jpg 970w, https:\/\/samitaal.nl\/wp-content\/uploads\/2026\/03\/Gemeente-Amsterdam-logo-300x105.jpg 300w, https:\/\/samitaal.nl\/wp-content\/uploads\/2026\/03\/Gemeente-Amsterdam-logo-768x268.jpg 768w\" sizes=\"auto, (max-width: 970px) 100vw, 970px\" \/><\/figure>\n\n<\/div>\n\n\n<div data-spectra-id=\"spectra-mm54lhaj-i57dul\" style=\"overflow: visible\" class=\"spectra-overlay-color spectra-overflow wp-block-spectra-container\" data-orientation=\"horizontal\">\n\t\n<div data-spectra-id=\"spectra-mm3vtddi-c0eo8h\" class=\"spectra-google-map wp-block-spectra-google-map\">\n\t<embed class=\"spectra-google-map__iframe\" title=\"Google Map for Nieuwmarkt, Amsterdam\" src=\"https:\/\/maps.google.com\/maps?q=Nieuwmarkt%2C+Amsterdam&#038;z=15&#038;hl=en&#038;t=m&#038;output=embed&#038;iwloc=near\" width=\"100%\" height=\"100%\" style=\"border: 0\" allowfullscreen=\"\" loading=\"lazy\" referrerpolicy=\"no-referrer-when-downgrade\"><\/embed>\n<\/div>\n\n<\/div>\n\n<\/div>","protected":false},"excerpt":{"rendered":"","protected":false},"author":1,"featured_media":0,"parent":0,"menu_order":0,"comment_status":"closed","ping_status":"closed","template":"page-no-title","meta":{"_uag_custom_page_level_css":"","footnotes":""},"class_list":["post-627","page","type-page","status-publish","hentry"],"uagb_featured_image_src":{"full":false,"thumbnail":false,"medium":false,"medium_large":false,"large":false,"1536x1536":false,"2048x2048":false,"trp-custom-language-flag":false},"uagb_author_info":{"display_name":"admin","author_link":"https:\/\/samitaal.nl\/en\/author\/arjenhaanstra_f06q61rf\/"},"uagb_comment_info":0,"uagb_excerpt":null,"_links":{"self":[{"href":"https:\/\/samitaal.nl\/en\/wp-json\/wp\/v2\/pages\/627","targetHints":{"allow":["GET"]}}],"collection":[{"href":"https:\/\/samitaal.nl\/en\/wp-json\/wp\/v2\/pages"}],"about":[{"href":"https:\/\/samitaal.nl\/en\/wp-json\/wp\/v2\/types\/page"}],"author":[{"embeddable":true,"href":"https:\/\/samitaal.nl\/en\/wp-json\/wp\/v2\/users\/1"}],"replies":[{"embeddable":true,"href":"https:\/\/samitaal.nl\/en\/wp-json\/wp\/v2\/comments?post=627"}],"version-history":[{"count":50,"href":"https:\/\/samitaal.nl\/en\/wp-json\/wp\/v2\/pages\/627\/revisions"}],"predecessor-version":[{"id":1793,"href":"https:\/\/samitaal.nl\/en\/wp-json\/wp\/v2\/pages\/627\/revisions\/1793"}],"wp:attachment":[{"href":"https:\/\/samitaal.nl\/en\/wp-json\/wp\/v2\/media?parent=627"}],"curies":[{"name":"wp","href":"https:\/\/api.w.org\/{rel}","templated":true}]}}